{"id":12177,"date":"2019-12-09T19:37:59","date_gmt":"2019-12-10T01:37:59","guid":{"rendered":"https:\/\/www.vainilla-pineyro.com.mx\/?page_id=12177"},"modified":"2019-12-10T18:39:33","modified_gmt":"2019-12-11T00:39:33","slug":"notice-of-privacy","status":"publish","type":"page","link":"https:\/\/www.vainilla-pineyro.com.mx\/en\/notice-of-privacy\/","title":{"rendered":"Notice of Privacy"},"content":{"rendered":"<div class=\"wpb-content-wrapper\"><p>[vc_row][vc_column]<div class=\"eltdf-elements-holder eltdf-one-column eltdf-responsive-mode-768\" ><div class=\"eltdf-eh-item \"  data-item-class=\"eltdf-eh-custom-497881\">\n\t<div class=\"eltdf-eh-item-inner\">\n\t\t<div class=\"eltdf-eh-item-content eltdf-eh-custom-497881\" style=\"padding: 2% 15%\">\n\t\t\t[vc_column_text]<\/p>\n<h3>Aviso de privacidad del portal web.<\/h3>\n<p>El objetivo del sitio web es presentarles los productos y beneficios de ESENCIAS HERBALES NATURALES SA DE CV y el mismo se encuentra disponible para su informaci\u00f3n, e inter\u00e9s. Los siguientes T\u00e9rminos de Uso, que podr\u00e1n ser modificados peri\u00f3dicamente, se aplicar\u00e1n a todos los que accedan al sitio, como as\u00ed tambi\u00e9n a su uso y contenidos. \u00a0<\/p>\n<h4>1. Objetivos de la informaci\u00f3n<\/h4>\n<p>El contenido presentado en el sitio de ESENCIAS HERBALES NATURALES SA DE CV, solo tiene por finalidad la comunicaci\u00f3n. El sitio no provee consejos ni recomendaciones de ning\u00fan tipo y no deber\u00e1 utilizarse como base de cualquier decisi\u00f3n o acci\u00f3n. Se recomienda consultar a los profesionales id\u00f3neos del campo correspondiente con respecto a la aplicabilidad de cualquier aspecto del contenido. \u00a0<\/p>\n<h4>2. Responsabilidad<\/h4>\n<p>ESENCIAS HERBALES NATURALES SA DE CV no se hace responsable de ning\u00fan da\u00f1o o lesi\u00f3n originada de su acceso al sitio o por imposibilidad de acceder a \u00e9l o por confiar en cualquier informaci\u00f3n suministrada aqu\u00ed. ESENCIAS HERBALES NATURALES SA DE CV rechaza cualquier responsabilidad por da\u00f1os directos, indirectos, accidentales, consecutivos, especiales o de otro tipo, oportunidades y beneficios perdidos o cualquier otra p\u00e9rdida o da\u00f1o. Esta limitaci\u00f3n incluye da\u00f1os o virus que puedan afectar a su equipo de computaci\u00f3n. \u00a0<\/p>\n<h4>3. V\u00ednculos con otros sitios de la web<\/h4>\n<p>Cualquier v\u00ednculo con otro sitio de Internet se presenta para la mayor conveniencia del usuario.ESENCIAS HERBALES NATURALES SA DE CV no tiene responsabilidad ni control sobre el contenido o la operaci\u00f3n de tales sitios y no ser\u00b7 responsable por ning\u00fan da\u00f1o o perjuicio surgido de ese contenido o de su operaci\u00f3n. \u00a0<\/p>\n<h4>4. Modificaciones<\/h4>\n<p>ESENCIAS HERBALES NATURALES SA DE CV se reserva el derecho de alterar, modificar, reemplazar o borrar cualquier contenido, restringir el acceso o suspender la distribuci\u00f3n de este sitio en cualquier momento y bajo su exclusiva discreci\u00f3n. \u00a0<\/p>\n<h4>5. Propiedad intelectual y uso del contenido<\/h4>\n<p>El contenido de este sitio es propiedad de ESENCIAS HERBALES NATURALES SA DE CV y se encuentra protegido por las leyes de la propiedad intelectual. Las marcas registradas, comerciales y de servicios, como as\u00ed tambi\u00e9n los logotipos y productos mencionados en este sitio est\u00e1n legalmente protegidos y no se podr\u00e1n utilizar ninguno de ellos sin el consentimiento previo y por escrito de ESENCIAS HERBALES NATURALES SA DE CV. No obstante, es usted bienvenido a descargar su contenido, solo para uso personal, no comercial. No se autoriza ninguna modificaci\u00f3n ni reproducci\u00f3n del contenido y \u00e9ste no podr\u00e1 ser copiado ni utilizado de ninguna otra manera. \u00a0<\/p>\n<h4>6. Privacidad y Protecci\u00f3n de Datos<\/h4>\n<p>En estricto acatamiento a lo dispuesto por la Ley Federal de Protecci\u00f3n de Datos Personales en Posesi\u00f3n de los Particulares (en lo sucesivo &#8220;la Ley&#8221;), ESENCIAS HERBALES NATURALES SA DE CV hace de su conocimiento lo siguiente:<\/p>\n<p style=\"padding-left: 40px;\">a) Los datos personales y\/o sensibles y\/o informaci\u00f3n que de manera voluntaria nos proporcione o haya proporcionado, es completamente confidencial y se encuentra resguardada por ESENCIAS HERBALES NATURALES SA DE CV, quien es el responsable del uso y tratamiento de sus datos personales. b) La utilizaci\u00f3n de los datos recopilados ser\u00e1 utilizada exclusivamente para: (i) proveer servicios requeridos, as\u00ed como actividades afines; (ii) informar sobre nuevos servicios que est\u00e9n relacionado con el contratado; (iii) dar cumplimiento a obligaciones contra\u00eddas con nuestros clientes; (iv) evaluar la calidad del servicio; (v) fines de identificaci\u00f3n; (vi) fines estad\u00edsticos; y (vii) para eventualmente contactarlo con el fin de compartirle noticias de inter\u00e9s sobre derecho. c) Por virtud de la transferencia de datos que nos otorgue o hubiese otorgado con anterioridad, autoriza a ESENCIAS HERBALES NATURALES SA DE CV a utilizar la informaci\u00f3n proporcionada para los fines descritos anteriormente. d) Nos comprometemos a no transmitir, vender, alquilar, revelar ni utilizar su informaci\u00f3n personal a favor de terceras personas sin su consentimiento, con excepci\u00f3n de aquella informaci\u00f3n que sea necesario para los fines que la haya proporcionado, o bien, sea requerida por las autoridades federales o locales, en t\u00e9rminos de las leyes aplicables. e) Usted tiene el derecho de acceder a sus datos personales que poseemos y a los detalles del tratamiento de los mismos, as\u00ed como a rectificarlos en caso de ser inexactos o instruirnos cancelarlos cuando considere que resulten ser excesivos o innecesarios para las finalidades que justificaron su obtenci\u00f3n u oponerse al tratamiento de los mismos para fines espec\u00edficos. f) Para ejercer los derechos de acceso, rectificaci\u00f3n, cancelaci\u00f3n u oposici\u00f3n, el titular de datos personales y\/o sensibles que se encuentren en poder de ESENCIAS HERBALES NATURALES SA DE CV, deber\u00e1 enviar la solicitud respectiva al correo electr\u00f3nico <a href=\"mailto:servicioalcliente@nature-aid.com.mx\" target=\"_blank\" rel=\"noopener noreferrer\">servicioalcliente@nature-aid.com.mx<\/a> o bien, presentarla personalmente en Volc\u00e1n Paricutin, 6579, Colonia El Colli, Zapopan, Jalisco, M\u00e9xico. CP.45070. g) El presente Aviso de Privacidad podr\u00e1 ser modificado y actualizado en cualquier momento, en cuyo caso ESENCIAS HERBALES NATURALES SA DE CV, notificar\u00e1 los cambios correspondientes mediante la p\u00e1gina web <a href=\"https:\/\/www.vainilla-pineyro.com.mx\">www.vainilla-pineyro.com.mx<\/a> .<\/p>\n<p>&nbsp;<\/p>\n<h4>7.- Cr\u00e9ditos y tecnolog\u00eda.<\/h4>\n<p>El desarrollo gr\u00e1fico web, programaci\u00f3n del sitio, enlaces de hipertexto, bases de datos o dem\u00e1s elementos multimedia se realizaron por parte de Meraki. Todos los contenidos facilitados en este sitio web han sido elaborados con informaci\u00f3n proporcionado por ESENCIAS HERBALES NATURALES SA DE CV, como fuente externa a la propia compa\u00f1\u00eda, motivo por el cual Meraki no se hace responsable de la posible falta de actualizaci\u00f3n o inexactitud de la informaci\u00f3n perteneciente a dichas fuentes externas. \u00a0<\/p>\n<h4>8. Leyes vigentes<\/h4>\n<p>Las presentes pol\u00edticas y aviso de privacidad, as\u00ed como el manejo en general de la Ley que haga ESENCIAS HERBALES NATURALES SA DE CV, se rige por la legislaci\u00f3n vigente y aplicable en los Estados Unidos Mexicanos, cualquier controversia que se suscite con motivo de su aplicaci\u00f3n deber\u00e1 ventilarse ante los \u00f3rganos jurisdiccionales competentes en la Ciudad de Guadalajara, Jalisco, M\u00e9xico.<\/p>\n<p>[\/vc_column_text]\t\t<\/div>\n\t<\/div>\n<\/div><\/div>[\/vc_column][\/vc_row]<\/p>\n<\/div>","protected":false},"excerpt":{"rendered":"<p>[vc_row][vc_column][\/vc_column][\/vc_row]<\/p>\n","protected":false},"author":1,"featured_media":0,"parent":0,"menu_order":0,"comment_status":"closed","ping_status":"open","template":"full-width.php","meta":{"footnotes":""},"_links":{"self":[{"href":"https:\/\/www.vainilla-pineyro.com.mx\/en\/wp-json\/wp\/v2\/pages\/12177"}],"collection":[{"href":"https:\/\/www.vainilla-pineyro.com.mx\/en\/wp-json\/wp\/v2\/pages"}],"about":[{"href":"https:\/\/www.vainilla-pineyro.com.mx\/en\/wp-json\/wp\/v2\/types\/page"}],"author":[{"embeddable":true,"href":"https:\/\/www.vainilla-pineyro.com.mx\/en\/wp-json\/wp\/v2\/users\/1"}],"replies":[{"embeddable":true,"href":"https:\/\/www.vainilla-pineyro.com.mx\/en\/wp-json\/wp\/v2\/comments?post=12177"}],"version-history":[{"count":3,"href":"https:\/\/www.vainilla-pineyro.com.mx\/en\/wp-json\/wp\/v2\/pages\/12177\/revisions"}],"predecessor-version":[{"id":12442,"href":"https:\/\/www.vainilla-pineyro.com.mx\/en\/wp-json\/wp\/v2\/pages\/12177\/revisions\/12442"}],"wp:attachment":[{"href":"https:\/\/www.vainilla-pineyro.com.mx\/en\/wp-json\/wp\/v2\/media?parent=12177"}],"curies":[{"name":"wp","href":"https:\/\/api.w.org\/{rel}","templated":true}]}}